{"id":3,"date":"2020-03-10T10:04:52","date_gmt":"2020-03-10T09:04:52","guid":{"rendered":"https:\/\/ju2-athletikgym.de\/cms\/?page_id=3"},"modified":"2021-03-18T11:53:53","modified_gmt":"2021-03-18T10:53:53","slug":"datenschutzerklaerung","status":"publish","type":"page","link":"https:\/\/ju2-athletikgym.de\/cms\/datenschutzerklaerung\/","title":{"rendered":"Datenschutzerkl\u00e4rung"},"content":{"rendered":"<section id=\"bt_bb_section6a070aab1a9e8\" class=\"bt_bb_section bt_bb_layout_boxed_1200 bt_bb_vertical_align_top bt_bb_top_spacing_small\" style=\"opacity: 0.8;background-color:#ffffff;\" data-bt-override-class=\"null\"><div class=\"bt_bb_port\"><div class=\"bt_bb_cell\"><div class=\"bt_bb_cell_inner\"><div class=\"bt_bb_row \"  data-bt-override-class=\"{}\"><div class=\"bt_bb_row_holder\" ><div  class=\"bt_bb_column col-xxl-12 col-xl-12 bt_bb_vertical_align_top bt_bb_align_left bt_bb_padding_normal\" style=\"; --column-width:12;\" data-width=\"12\" data-bt-override-class=\"{}\"><div class=\"bt_bb_column_content\"><div class=\"bt_bb_column_content_inner\"><div  class=\"bt_bb_text\" ><\/p>\n<div id=\"alert-11-msg\" class=\"alert-message sc-ion-alert-md\">\n<h2>ALLGEMEINE HINWEISE UND PFLICHTINFORMATIONEN<\/h2>\n<p>Die Betreiber dieser Seite nehmen den Schutz Ihrer pers\u00f6nlichen Daten sehr ernst. Wir behandeln Ihre personenbezogenen Daten vertraulich und entsprechend der gesetzlichen Datenschutzvorschriften sowie dieser Datenschutzerkl\u00e4rung.<br \/>Die Nutzung unserer Webseite ist in der Regel ohne Angaben personenbezogener Daten m\u00f6glich. Soweit auf unseren Seiten personenbezogene Daten (beispielsweise Name, Anschrift oder E-Mail- Adressen) erhoben werden, erfolgt dies, soweit m\u00f6glich, stets auf freiwilliger Basis.<br \/>Diese Daten werden ohne Ihre ausdr\u00fcckliche Zustimmung nicht an Dritte weitergegeben.<br \/>Wir weisen darauf hin, dass die Daten\u00fcbertragung im Internet (z.B. bei der Kommunikation per E- Mail) Sicherheitsl\u00fccken aufweisen kann. Ein l\u00fcckenloser Schutz der Daten vor dem Zugriff durch Dritte ist nicht m\u00f6glich.<\/p>\n<h2>WIDERRUF IHRER EINWILLIGUNG ZUR DATENVERARBEITUNG<\/h2>\n<p>Viele Datenverarbeitungsvorg\u00e4nge sind nur mit Ihrer ausdr\u00fccklichen Einwilligung m\u00f6glich. Sie k\u00f6nnen eine bereits erteilte Einwilligung jederzeit wiederrufen. Dazu reicht eine formlose Mitteilung per E-Mail an uns. Die Rechtm\u00e4\u00dfigkeit der bis zum Widerruf erfolgten Datenverarbeitung bleibt vom Widerruf unber\u00fchrt.<\/p>\n<h2>RECHT AUF DATEN\u00dcBERTRAGBARKEIT<\/h2>\n<p>Sie haben das Recht, Daten, die wir auf Grundlage Ihrer Einwilligung oder in Erf\u00fcllung eines Vertrags automatisiert verarbeiten, an sich oder an einen Dritten in einem g\u00e4ngigen, maschinenlesbaren Format aush\u00e4ndigen zu lassen. Sofern Sie die direkte \u00dcbertragung der Daten an einen anderen Verantwortlichen verlangen, erfolgt dies nur, soweit es technisch machbar ist.<\/p>\n<h2>AUSKUNFT, L\u00d6SCHUNG, SPERRUNG<\/h2>\n<p>Sie haben im Rahmen der geltenden gesetzlichen Bestimmungen jederzeit das Recht auf untengeltliche Auskunft \u00fcber Ihre gespeicherten personenbezogenen Daten, deren Herkunft und Empf\u00e4nger und den Zweck der Datenverarbeitung sowie ggf. ein Recht auf Berichtigung, Sperrung oder L\u00f6schung dieser Daten. Hierzu sowie zu weiteren Fargen zum Thema personenbezogene Daten k\u00f6nnen Sie sich jederzeit unter der im Impressum angegebenen Adresse an uns wenden.<\/p>\n<h2>WIDERSPRUCH GEGEN WERBE-MAILS<\/h2>\n<p>Der Nutzung von im Rahmen der Impressumspflicht ver\u00f6ffentlichten Kontaktdaten zur \u00dcbersendung von nicht ausdr\u00fccklich angeforderter Werbung und Informationsmaterialien wird hiermit widersprochen. Die Betreiber der Seiten behalten sich ausdr\u00fccklich rechtliche Schritte im Falle der unverlangten Zusendung von Werdeinformationen, etwa durch Spam-Mails, vor.<\/p>\n<h2>COOKIES<\/h2>\n<p>Die Internetseiten verwenden teilweise so genannte Cookies. Cookies richten auf Ihrem Rechner keinen Schaden an und enthalten keine Viren. Cookies dienen dazu, unser Angebot nutzerfreundlicher, effektiver und sicherer zu machen. Cookies sind kleine Textdateien, die auf Ihrem Rechner abgelegt werden und die Ihr Bowser speichert.<br \/>Die meisten, der von uns verwendeten Cookies sind so genannte \u201eSession-Cookies\u201c. Sie werden nach Ende Ihres Besuchs automatisch gel\u00f6scht. Andere Cookies bleiben auf Ihrem Endger\u00e4t gespeichert, die Sie diese l\u00f6schen. Diese Cookies erm\u00f6glichen es uns, Ihren Bowser beim n\u00e4chsten Besuch wiederzuerkennen.<br \/>Sie k\u00f6nnen Ihren Bowser so einstellen, dass Sie \u00fcber das Setzen von Cookies informiert werden und Cookies nur im Einzelfall erlauben, die Annahme von Cookies f\u00fcr bestimmte F\u00e4lle oder generell ausschlie\u00dfen sowie das automatische L\u00f6schen der Cookies beim Schlie\u00dfen des Browser aktivieren.<br \/>Bei der Deaktivierung von Cookies kann die Funktionalit\u00e4t dieser Website eingeschr\u00e4nkt sein.<\/p>\n<h2>SERVER LOG FILES<\/h2>\n<p>Der Provider der Seiten erhebt und speichert automatisch Informationen in so genannten Server Log Files, die Ihr Browser automatisch an uns \u00fcbermittelt. Dies sind:<\/p>\n<ul>\n<li>Browsertyp\/Browserversion<\/li>\n<li>verwendetes Betriebssystem<\/li>\n<li>Referrer URL<\/li>\n<li>Hostname des zugreifenden Rechners<\/li>\n<li>Uhrzeit der Serveranfrage<\/li>\n<\/ul>\n<p>Diese Daten sind nicht bestimmten Personen zuordenbar. Eine Zusammenf\u00fchrung dieser Daten mit anderen Datenquellen wird nicht vorgenommen. Wir behalten uns vor, diese Daten nachtr\u00e4glich zu pr\u00fcfen, wenn uns konkrete Anhaltspunkte f\u00fcr eine rechtswidirge Nutzung bekannt werden.<\/p>\n<h2>KONTAKTFORMULAR<\/h2>\n<p>Wenn Sie uns per Kontaktformular Anfragen zukommen lassen, werden Ihre Angaben aus dem Anfrageformular inklusive der von Ihnen dort angegebenen Kontaktdaten zwecks Bearbeitung der Anfrage und f\u00fcr den Fall von Anschlussfragen bei uns gespeichert. Diese Daten geben wir nicht ohne Ihre Einwilligung weiter.<br \/>Die Verarbeitung der in das Kontaktformular eingegebenen Daten erfolgt somit ausschlie\u00dflich auf Grundlage Ihrer Einwilligung (Art. 6 Abs. 1 lit. a DSGVO). Sie k\u00f6nnen diese Einwilligung jederzeit widerrufen. Dazu reicht eine formlose Mitteilung per E-Mail an uns. Die Rechtm\u00e4\u00dfigkeit der bis zum Widerruf erfolgten Datenverarbeitungsvorg\u00e4nge bleibt vom Widerruf unber\u00fchrt.<br \/>Die von Ihnen im Kontaktformular eingegebenen Daten verbleiben bei uns, bis Sie uns zur L\u00f6schung auffordern, Ihre Einwilligung zur Speicherung widerrufen oder der Zweck f\u00fcr die Datenspeicherung entf\u00e4llt (z.B. nach abgeschlossener Bearbeitung Ihrer Anfrage). Zwingende gesetzliche Bestimmungen \u2013 insbesondere Aufbewahrungsfristen \u2013 bleiben unber\u00fchrt.<\/p>\n<h2>SSL- BZW. TLS-VERSCHL\u00dcSSELUNG<\/h2>\n<p>Diese Seite nutzt aus Sicherheitsgr\u00fcnden und zum Schutz der \u00dcbertragung vertraulicher Inhalte, wie zum Beispiel Anfragen, die Sie an uns als Seitenbetreiber senden, eine SSL- bzw. TLS- Verschl\u00fcsselung. Eine verschl\u00fcsselte Verbindung erkennen Sie daran, dass die Adresszeile des Browsers von \u201ehttp:\/\/\u201c auf \u201ehttps:\/\/\u201c wechselt und an dem Schloss-Symbol in Ihrer Browserzeile.<br \/>Wenn die SSL- bzw. TLS-Verschl\u00fcsselung aktiviert ist, k\u00f6nnen die Daten, die Sie an uns \u00fcbermitteln, nicht von Dritten mitgelesen werden.<\/p>\n<h2>VERARBEITEN VON KUNDEN- UND VERTRAGSDATEN<\/h2>\n<p>Wir erheben, verarbeiten und nutzen personenbezogene Daten nur, soweit sie f\u00fcr die Begr\u00fcndung, inhaltliche Ausgestaltung oder \u00c4nderung der Rechtsverh\u00e4ltnisses erforderlich sind (Bestandsdaten). Dies erfolgt auf Grundlage von Art. 6 Abs. 1 lit. b DSGVO, der die Verarbeitung von Daten zur Erf\u00fcllung eines Vertrags der vorvertraglicher Ma\u00dfnahmen gestattet. Personenbezogene Daten \u00fcber die Inanspruchnahme unserer Internetseiten (Nutzungsdaten) erheben, verarbeiten und nutzen wir nur, soweit dies erforderlich ist, um dem Nutzer die Inanspruchnahme des Dienstes zu erm\u00f6glichen oder abzurechnen.<br \/>Die erhobenen Kundendaten werden nach Abschluss des Auftrags oder Beendigung der Gesch\u00e4ftsbeziehung gel\u00f6scht. Gesetzliche Aufbewahrungsfristen bleiben unber\u00fchrt.<\/p>\n<p>Quelle:\u00a0<a href=\"https:\/\/www.e-recht24.de\/\">https:\/\/www.e-recht24.de<\/a><\/p>\n<h2>Einwilligungserkl\u00e4rung einschlie\u00dflich Informationen zur Verarbeitung personenbezogener Daten<\/h2>\n<p>Wir sind gem\u00e4\u00df Art. 13 DSGVO bei der Erhebung von personenbezogenen Daten verpflichtet, Sie als von der Datenverarbeitung betroffenen Person \u00fcber bestimmte Aspekte und Umst\u00e4nde der Datenverarbeitung zu informieren. Ferner d\u00fcrfen Teile der beabsichtigten Datenverarbeitung nur mit Einwilligung verarbeitet werden. Mit den nachfolgenden Ausf\u00fchrungen kommen wir daher unserer Informationspflicht nach, ebenso, wie Sie die M\u00f6glichkeit haben, Ihre Einwilligung zu der nachfolgend dargestellten Datenverarbeitung zu erkl\u00e4ren.<\/p>\n<p>Die im Vertrag angegebenen personenbezogenen Daten (Vor- und Nachname, Anschrift, E-Mail-Adresse, Telefon- und\/oder Mobilnummer, Geburtsdatum, Mitgliedschaftsbeginn, Vertragslaufzeit, Bankdaten), Check-in\/out Zeitpunkte, jeweilige Dauer des Besuchs und Besuchsh\u00e4ufigkeit werden zum Zwecke der Vertragserf\u00fcllung verarbeitet. Rechtsgrundlage hierf\u00fcr ist Art. 6 Abs. 1 lit. b) DSGVO bzw. hinsichtlich der Check-in\/out Zeitpunkte, die jeweilige Dauer des Besuchs und die Besuchsh\u00e4ufigkeit erfolgt dies zur Wahrung berechtigter Interessen gem\u00e4\u00df Art. 6 Abs. 1 lit. f) DSGVO. Das berechtigte Interesse liegt darin, dass das Fitnessstudio bei einer Inanspruchnahme und\/oder rechtlichen Auseinandersetzung mit dem Betroffenen, die eine Anwesenheit oder Nichtanwesenheit des Betroffenen in einem bestimmten Zeitraum zum Gegenstand hat, in die Lage versetzt wird, substanziell zu pr\u00fcfen und vorzutragen.<\/p>\n<p>Auf den Einsatz und die Verwendung von Videokameras im Au\u00dfenbereich, Eingangsbereich und auf der Trainingsfl\u00e4che bin ich hingewiesen worden. Wenn ich in den Aufnahmebereich der Kameras gelange, kommt es zu einer entsprechenden Datenverarbeitung \u00fcber mich. Rechtsgrundlage f\u00fcr diese Datenverarbeitung ist ebenfalls Art. 6 Abs. 1 lit. f) DSGVO. Das berechtigte Interesse dieser Datenverarbeitung ist die Pr\u00e4vention und die Verfolgbarkeit von Eigentumsdelikten. Unabh\u00e4ngig von Art. 6 Abs. 1 lit. f) DSGVO ist weitere Anspruchsgrundlage \u00a74 Abs. 1 Nr. 3 BDSG.<\/p>\n<p>Im \u00dcbrigen erfolgt die Datenverarbeitung auf der Grundlage einer Einwilligung. Ich willige ein,<\/p>\n<ol>\n<li>dass mir das Fitnessstudio postalisch oder auf andere Weise, wie etwa per E-Mail, SMS, WhatsApp Informationen und Angebote zu dem Leistungsangebot, Aktionen oder Veranstaltungen zum Zwecke der Werbung oder als Einladung \u00fcbersendet.<\/li>\n<li>dass von mir im Rahmen einer Anamnese gesundheitsbezogenen Daten (Verletzungen, Erkrankungen, Medikamente und \u00c4hnliches) erfasst und verarbeitet werden.<\/li>\n<li>dass von mir Mitgliedschaftsbeginn\/-ende, Geburtsdatum, Geschlecht, Studiobesuchsinformationen (Check-in\/out Zeitpunkte, Dauer des Besuchs, Besuchsh\u00e4ufigkeit), Anamnese verarbeitet werden.<\/li>\n<li>dass zur Wahrung berechtigter Interessen als weitere personenbezogenen Daten, n\u00e4mlich mein(e) Beruf, Krankenkasse verarbeitet werden.<\/li>\n<\/ol>\n<p>Mir steht das Recht zu, jederzeit die Einwilligung zu widerrufen, ohne dass hierdurch die Rechtm\u00e4\u00dfigkeit der aufgrund der Einwilligung bis zum Widerruf erfolgten Verarbeitung ber\u00fchrt wird. Es kann sein, dass durch den Widerruf Ihrer Einwilligung zur Datenverarbeitung zur Nutzung elektronisch gesteuerter Zugangsger\u00e4te eine Nutzung dieser Ger\u00e4te nicht mehr m\u00f6glich ist. Grund hierf\u00fcr sind die technischen Vorgaben durch den Hersteller, auf welche wir keinen Einfluss haben.<\/p>\n<p>Dar\u00fcber hinaus werden die nachfolgenden Informationen erteilt:<\/p>\n<ol>\n<li>Verantwortlicher f\u00fcr die Datenverarbeitung ist die Verwaltung des JU 2 &#8211; Athletik Gym, Jens Spitzbart &amp; Uta K\u00f6hler GbR.<\/li>\n<li>Die personenbezogenen Daten dieser Erkl\u00e4rung werden f\u00fcr die Dauer des Mitgliedschaftsvertrages sowie danach bis zum Ablauf der Verj\u00e4hrungszeit gem. \u00a7199 Abs. 2 BGB gespeichert. Diese betr\u00e4gt drei\u00dfig Jahre und beginnt mit der Handlung, der Pflichtverletzung oder dem sonstigen den Schaden ausl\u00f6senden Ereignis. Da die vorgenannten Umst\u00e4nde uns gegebenenfalls erst zu einem sp\u00e4teren Zeitpunkt bekannt gemacht werden, beginnt die Frist von drei\u00dfig Jahren mit dem Beendigungszeitpunkt des \u201cMitgliedschaftsvertrages\u201d.<\/li>\n<li>Die personenbezogenen Daten werden f\u00fcr die Dauer des Mitgliedschaftsvertrages sowie danach bis zum Ablauf der Verj\u00e4hrungszeit gem. \u00a7199 Abs. 1 BGB gespeichert. Diese betr\u00e4gt drei Jahre und beginnt mit dem Schluss des Jahres, in dem der Anspruch entstanden ist und der Gl\u00e4ubiger von den, den Anspruch begr\u00fcndenden Umst\u00e4nden und der Person des Schuldner Kenntnis erlangt oder ohne grobe Fahrl\u00e4ssigkeit erlangen musste.<\/li>\n<li>Die personenbezogenen Daten im Rahmen der Video\u00fcberwachung werden f\u00fcr die Dauer von 48 Stunden gespeichert und danach gel\u00f6scht.<\/li>\n<li>Soweit die Datenverarbeitung auf der Grundlage der Einwilligung erfolgt, so werden diese Daten nach Widerruf der Einwilligung gel\u00f6scht. Hiervon unber\u00fchrt bleibt ein m\u00f6gliches Recht, die Daten aufgrund gesetzlicher Erm\u00e4chtigung gem. Art. 6 Abs. 1 lit. b) bis f) DSGVO zu verarbeiten.<\/li>\n<li>Ihnen steht im Hinblick auf die Datenverarbeitung die Rechte auf Auskunft, Berichtigung, L\u00f6schung und Einschr\u00e4nkung der Verarbeitung und Widerspruch sowie das Recht auf Daten\u00fcbertragbarkeit zu. Unbeschadet hiervon und eines anderweitigen verwaltungsrechtlichen oder gerichtlichen Rechtsbehelfs (Art. 77 DSGVO) steht Ihnen das Recht zu, sich bei der zust\u00e4ndigen Landesdatenschutzbeh\u00f6rde zu beschweren.<\/li>\n<\/ol>\n<\/div>\n<p>\n<\/div><\/div><\/div><\/div><\/div><\/div><\/div><!-- cell_inner --><\/div><!-- cell --><\/div><!-- port --><\/section>\n","protected":false},"excerpt":{"rendered":"","protected":false},"author":1,"featured_media":0,"parent":0,"menu_order":0,"comment_status":"closed","ping_status":"open","template":"","meta":{"footnotes":""},"class_list":["post-3","page","type-page","status-publish","hentry"],"_links":{"self":[{"href":"https:\/\/ju2-athletikgym.de\/cms\/wp-json\/wp\/v2\/pages\/3","targetHints":{"allow":["GET"]}}],"collection":[{"href":"https:\/\/ju2-athletikgym.de\/cms\/wp-json\/wp\/v2\/pages"}],"about":[{"href":"https:\/\/ju2-athletikgym.de\/cms\/wp-json\/wp\/v2\/types\/page"}],"author":[{"embeddable":true,"href":"https:\/\/ju2-athletikgym.de\/cms\/wp-json\/wp\/v2\/users\/1"}],"replies":[{"embeddable":true,"href":"https:\/\/ju2-athletikgym.de\/cms\/wp-json\/wp\/v2\/comments?post=3"}],"version-history":[{"count":3,"href":"https:\/\/ju2-athletikgym.de\/cms\/wp-json\/wp\/v2\/pages\/3\/revisions"}],"predecessor-version":[{"id":252,"href":"https:\/\/ju2-athletikgym.de\/cms\/wp-json\/wp\/v2\/pages\/3\/revisions\/252"}],"wp:attachment":[{"href":"https:\/\/ju2-athletikgym.de\/cms\/wp-json\/wp\/v2\/media?parent=3"}],"curies":[{"name":"wp","href":"https:\/\/api.w.org\/{rel}","templated":true}]}}