{"id":110,"date":"2020-11-06T11:38:26","date_gmt":"2020-11-06T10:38:26","guid":{"rendered":"https:\/\/ju2-athletikgym.de\/cms\/?page_id=110"},"modified":"2026-01-05T10:06:47","modified_gmt":"2026-01-05T09:06:47","slug":"leistungen","status":"publish","type":"page","link":"https:\/\/ju2-athletikgym.de\/cms\/leistungen\/","title":{"rendered":"Leistungen"},"content":{"rendered":"<p><section id=\"bt_bb_section69e87182bfae8\" class=\"bt_bb_section bt_bb_layout_boxed_1200\"  data-bt-override-class=\"null\"><div class=\"bt_bb_port\"><div class=\"bt_bb_cell\"><div class=\"bt_bb_cell_inner\"><div class=\"bt_bb_row \" style=\" background-color: rgba(255, 255, 255, 0.8);\" data-bt-override-class=\"{}\"><div class=\"bt_bb_row_holder\" ><div  class=\"bt_bb_column col-xxl-12 col-xl-12 bt_bb_vertical_align_top bt_bb_align_left bt_bb_padding_normal\" style=\"; --column-width:12;\" data-width=\"12\" data-bt-override-class=\"{}\"><div class=\"bt_bb_column_content\"><div class=\"bt_bb_column_content_inner\"><div  class=\"bt_bb_text\" ><\/p>\n<h1 style=\"text-align: center\">Leistungen<\/h1>\n<p>\n<\/div><\/div><\/div><\/div><\/div><\/div><div class=\"bt_bb_row \" style=\" background-color: rgba(255, 255, 255, 0.8);\" data-bt-override-class=\"{}\"><div class=\"bt_bb_row_holder\" ><div  class=\"bt_bb_column col-xxl-12 col-xl-12 bt_bb_vertical_align_top bt_bb_align_left bt_bb_padding_normal\" style=\"; --column-width:12;\" data-width=\"12\" data-bt-override-class=\"{}\"><div class=\"bt_bb_column_content\"><div class=\"bt_bb_column_content_inner\"><div  class=\"bt_bb_text\" ><\/p>\n<h2 style=\"text-align: left\">Angebote und Tarife<\/h2>\n<p>\n<\/div><\/div><\/div><\/div><\/div><\/div><div class=\"bt_bb_row \" style=\" background-color: rgba(255, 255, 255, 0.8);\" data-bt-override-class=\"{}\"><div class=\"bt_bb_row_holder\" ><div  class=\"bt_bb_column col-xxl-6 col-xl-6 bt_bb_vertical_align_top bt_bb_align_left bt_bb_padding_normal\" style=\"; --column-width:6;\" data-width=\"6\" data-bt-override-class=\"{}\"><div class=\"bt_bb_column_content\"><div class=\"bt_bb_column_content_inner\"><div  class=\"bt_bb_text\" style=\"margin: 20px; background-color: rgba(254, 204, 0, 0.5); padding: 20px;\"><\/p>\n<h3 style=\"text-align: center\">12 Monatsmitgliedschaft<\/h3>\n<p><strong>12 Monate \u00e1 39,00 Euro* inkl. Mineralgetr\u00e4nken, Duschen und Parken<\/strong><\/p>\n<p>+ einmalige Start up \u2013 Geb\u00fchr \u00e1 40,00 Euro inkl. Transponder<\/p>\n<p><em>Mit Deinem Mitgliedstransponder erh\u00e4ltst Du Zugang zu unserem Studio. Er geh\u00f6rt immer in die Trainingstasche. Mit dem Mitgliedstransponder kannst Du auch Deinen Spind schlie\u00dfen und Dich an der Getr\u00e4nkebar, der Kaffeemaschine oder dem Snackautomaten versorgen. Zum Start Deiner Mitgliedschaft erh\u00e4ltst Du einen Verzehrbonus in H\u00f6he von 5 Euro f\u00fcr die Serviceautomaten. Sie sind mit Riegeln, Shakes und Eiwei\u00dfprodukten prall gef\u00fcllt. Weiterhin wartet auf Dich eine Trinkflasche und ein Sportbeutel.<\/em><\/p>\n<p>+ halbj\u00e4hrliche Servicepauschale \u00e1 20,00 Euro (nach 12 Monaten)<\/p>\n<p><em>Die Servicepauschale erheben wir, um Dein Studio, die Anlage sowie die Ger\u00e4te perfekt instand zu halten.<\/em><\/p>\n<p><em>*nach der Grundlaufzeit erh\u00f6ht sich der Beitrag um 5 \u20ac monatlich<\/em><\/p>\n<p>\n<\/div><\/div><\/div><\/div><div  class=\"bt_bb_column col-xxl-6 col-xl-6 bt_bb_vertical_align_top bt_bb_align_left bt_bb_padding_normal\" style=\"; --column-width:6;\" data-width=\"6\" data-bt-override-class=\"{}\"><div class=\"bt_bb_column_content\"><div class=\"bt_bb_column_content_inner\"><div  class=\"bt_bb_text\" style=\"margin: 20px; background-color: rgba(254, 204, 0, 0.5); padding: 20px;\"><\/p>\n<h3 style=\"text-align: center\">24 Monatsmitgliedschaft<\/h3>\n<p><strong>24 Monate \u00e1 34,00 Euro* inkl. Mineralgetr\u00e4nken, Duschen und Parken<\/strong><\/p>\n<p>+ einmalige Start up \u2013 Geb\u00fchr \u00e1 40,00 Euro inkl. Transponder<\/p>\n<p><em>Mit Deinem Mitgliedstransponder erh\u00e4ltst Du Zugang zu unserem Studio. Er geh\u00f6rt immer in die Trainingstasche. Mit dem Mitgliedstransponder kannst Du auch Deinen Spind schlie\u00dfen und Dich an der Getr\u00e4nkebar, der Kaffeemaschine oder dem Snackautomaten versorgen. Zum Start Deiner Mitgliedschaft erh\u00e4ltst Du einen Verzehrbonus in H\u00f6he von 5 Euro f\u00fcr die Serviceautomaten. Sie sind mit Riegeln, Shakes und Eiwei\u00dfprodukten prall gef\u00fcllt. Weiterhin wartet auf Dich eine Trinkflasche und ein Sportbeutel.<\/em><\/p>\n<p>+ halbj\u00e4hrliche Servicepauschale \u00e1 20,00 Euro <em>(nach 12 Monaten)<\/em><\/p>\n<p><em>Die Servicepauschale erheben wir, um Dein Studio, die Anlage sowie die Ger\u00e4te perfekt instand zu halten.<\/em><\/p>\n<p><em>*nach der Grundlaufzeit erh\u00f6ht sich der Beitrag um 5 \u20ac monatlich<br \/><\/em><\/p>\n<p>\n<\/div><\/div><\/div><\/div><\/div><\/div><div class=\"bt_bb_row \" style=\" background-color: rgba(255, 255, 255, 0.8);\" data-bt-override-class=\"{}\"><div class=\"bt_bb_row_holder\" ><div  class=\"bt_bb_column col-xxl-6 col-xl-6 bt_bb_vertical_align_top bt_bb_align_left bt_bb_padding_normal\" style=\"; --column-width:6;\" data-width=\"6\" data-bt-override-class=\"{}\"><div class=\"bt_bb_column_content\"><div class=\"bt_bb_column_content_inner\"><div  class=\"bt_bb_text\" style=\"margin: 20px; background-color: rgba(254, 204, 0, 0.5); padding: 20px;\"><\/p>\n<h3 style=\"text-align: center\">Flexible Mitgliedschaften<\/h3>\n<p><strong>Du hast die Wahl!<\/strong><\/p>\n<p>Wenn Du keine festen Vertragslaufzeiten bevorzugst oder auch Deinen Mitgliedsbeitrag in einer Summe vorauszahlen m\u00f6chtest \u2013 alles ist m\u00f6glich. Wende Dich an unsere Trainer im Gym.<\/p>\n<p>\n<\/div><\/div><\/div><\/div><div  class=\"bt_bb_column col-xxl-6 col-xl-6 bt_bb_vertical_align_top bt_bb_align_left bt_bb_padding_normal\" style=\"; --column-width:6;\" data-width=\"6\" data-bt-override-class=\"{}\"><div class=\"bt_bb_column_content\"><div class=\"bt_bb_column_content_inner\"><div  class=\"bt_bb_text\" style=\"margin: 20px; background-color: rgba(254, 204, 0, 0.5); padding: 20px;\"><\/p>\n<h3 style=\"text-align: center\">upgrades<\/h3>\n<p>monatlich zubuchbar f\u00fcr Sauna, Kurse, Squash, Fitnesstraining, Pr\u00e4ventions und Reha-Sport im JU 2 \u2013 Prime Gym<br \/>\nL\u00f6bstedter Str. 99<br \/>\n07749 Jena<br \/>\n<a href=\"https:\/\/www.ju2-fitness.de\/jena\" target=\"_blank\">www.ju2-fitness.de<\/a><\/p>\n<p>\n<\/div><\/div><\/div><\/div><\/div><\/div><div class=\"bt_bb_row \" style=\" background-color: rgba(255, 255, 255, 0.8);\" data-bt-override-class=\"{}\"><div class=\"bt_bb_row_holder\" ><div  class=\"bt_bb_column col-xxl-6 col-xl-6 bt_bb_vertical_align_top bt_bb_align_left bt_bb_padding_normal\" style=\"; --column-width:6;\" data-width=\"6\" data-bt-override-class=\"{}\"><div class=\"bt_bb_column_content\"><div class=\"bt_bb_column_content_inner\"><div  class=\"bt_bb_text\" style=\"margin: 20px; background-color: rgba(254, 204, 0, 0.5); padding: 20px;\"><\/p>\n<h3 style=\"text-align: center\">Friends4Free<\/h3>\n<p>Du m\u00f6chtest auch Deine Freunde f\u00fcr das JU 2 \u2013 Athletik Gym begeistern oder im Team mit Deinem Buddy trainieren?<\/p>\n<p>Bring\u2018 sie einfach mit zum Training! Das Friends4Free-Ticket, die Eintrittskarte f\u00fcr Deine Freunde, erh\u00e4ltst Du am Service-Point im Studio! Deine Freunde k\u00f6nnen je einen kostenlosen Probetrainingstag bei uns nutzen!<\/p>\n<p>Du kannst das Friends4Free-Ticket unbegrenzt einsetzen!<\/p>\n<p>Einlass nur zu Trainerzeiten<\/p>\n<p>Unser Goody:<br \/>F\u00fcr jeden Deiner Freunde, der Mitglied im JU 2 \u2013 Athletik Gym wird, erh\u00e4lst Du 1 Gratismonat als Dankesch\u00f6n-Pr\u00e4mie.<\/p>\n<p>\n<\/div><\/div><\/div><\/div><div  class=\"bt_bb_column col-xxl-6 col-xl-6 bt_bb_vertical_align_top bt_bb_align_left bt_bb_padding_normal\" style=\"; --column-width:6;\" data-width=\"6\" data-bt-override-class=\"{}\"><div class=\"bt_bb_column_content\"><div class=\"bt_bb_column_content_inner\"><div  class=\"bt_bb_text\" style=\"margin: 20px; background-color: rgba(254, 204, 0, 0.5); padding: 20px;\"><\/p>\n<h3 style=\"text-align: center\">PersonalTicket4Free<\/h3>\n<p>Du m\u00f6chtest uns Kennenlernen? Dann hole Dir hier Dein Ticket f\u00fcr kostenlose Probetrainingstage inkl. Mineralgetr\u00e4nken, Duschen und Parken bei uns! Du kannst das Ticket 1 mal nutzen!<br \/>\nAnfrage per Mail: <a href=\"mailto:jena@ju2-fitness.de\">jena@ju2-fitness.de<\/a><\/p>\n<p>\n<\/div><\/div><\/div><\/div><\/div><\/div><\/div><!-- cell_inner --><\/div><!-- cell --><\/div><!-- port --><\/section><section id=\"bt_bb_section69e87182c039d\" class=\"bt_bb_section bt_bb_layout_boxed_1200\"  data-bt-override-class=\"null\"><div class=\"bt_bb_port\"><div class=\"bt_bb_cell\"><div class=\"bt_bb_cell_inner\"><div class=\"bt_bb_row \" style=\" background-color: rgba(255, 255, 255, 0.8);\" data-bt-override-class=\"{}\"><div class=\"bt_bb_row_holder\" ><div  class=\"bt_bb_column col-xxl-12 col-xl-12 bt_bb_vertical_align_top bt_bb_align_left bt_bb_padding_normal\" style=\"; --column-width:12;\" data-width=\"12\" data-bt-override-class=\"{}\"><div class=\"bt_bb_column_content\"><div class=\"bt_bb_column_content_inner\"><div  class=\"bt_bb_text\" style=\"padding: 30px 0;\"><\/p>\n<h2 style=\"text-align: left\">\u00d6ffnungszeiten<\/h2>\n<p>\n<\/div><div  class=\"bt_bb_text\" ><\/p>\n<table>\n<tbody>\n<tr>\n<td width=\"33%\">Montag bis Freitag<\/td>\n<td>06.00 bis 01.00 Uhr<\/td>\n<\/tr>\n<tr>\n<td>Samstag, Sonntag und Feiertage<\/td>\n<td>06.00 bis 01.00 Uhr<\/td>\n<\/tr>\n<\/tbody>\n<\/table>\n<p>\n<\/div><\/div><\/div><\/div><\/div><\/div><div class=\"bt_bb_row \" style=\" background-color: rgba(255, 255, 255, 0.8);\" data-bt-override-class=\"{}\"><div class=\"bt_bb_row_holder\" ><div  class=\"bt_bb_column col-xxl-12 col-xl-12 bt_bb_vertical_align_top bt_bb_align_left bt_bb_padding_normal\" style=\"; --column-width:12;\" data-width=\"12\" data-bt-override-class=\"{}\"><div class=\"bt_bb_column_content\"><div class=\"bt_bb_column_content_inner\"><div  class=\"bt_bb_text\" ><\/p>\n<h2 style=\"text-align: left\">Trainerzeiten<\/h2>\n<p>\n<\/div><div  class=\"bt_bb_text\" ><\/p>\n<table>\n<tbody>\n<tr>\n<td width=\"33%\">Montag bis Freitag<\/td>\n<td>08.00 bis 12.00 Uhr und 16.00 bis 20.00 Uhr<\/td>\n<\/tr>\n<tr>\n<td>Samstag, Sonntag und Feiertage<\/td>\n<td>10.00 bis 14.00 Uhr<\/td>\n<\/tr>\n<\/tbody>\n<\/table>\n<p>\n<\/div><\/div><\/div><\/div><\/div><\/div><\/div><!-- cell_inner --><\/div><!-- cell --><\/div><!-- port --><\/section><\/p>\n","protected":false},"excerpt":{"rendered":"","protected":false},"author":1,"featured_media":0,"parent":0,"menu_order":0,"comment_status":"closed","ping_status":"closed","template":"","meta":{"footnotes":""},"class_list":["post-110","page","type-page","status-publish","hentry"],"_links":{"self":[{"href":"https:\/\/ju2-athletikgym.de\/cms\/wp-json\/wp\/v2\/pages\/110","targetHints":{"allow":["GET"]}}],"collection":[{"href":"https:\/\/ju2-athletikgym.de\/cms\/wp-json\/wp\/v2\/pages"}],"about":[{"href":"https:\/\/ju2-athletikgym.de\/cms\/wp-json\/wp\/v2\/types\/page"}],"author":[{"embeddable":true,"href":"https:\/\/ju2-athletikgym.de\/cms\/wp-json\/wp\/v2\/users\/1"}],"replies":[{"embeddable":true,"href":"https:\/\/ju2-athletikgym.de\/cms\/wp-json\/wp\/v2\/comments?post=110"}],"version-history":[{"count":58,"href":"https:\/\/ju2-athletikgym.de\/cms\/wp-json\/wp\/v2\/pages\/110\/revisions"}],"predecessor-version":[{"id":295,"href":"https:\/\/ju2-athletikgym.de\/cms\/wp-json\/wp\/v2\/pages\/110\/revisions\/295"}],"wp:attachment":[{"href":"https:\/\/ju2-athletikgym.de\/cms\/wp-json\/wp\/v2\/media?parent=110"}],"curies":[{"name":"wp","href":"https:\/\/api.w.org\/{rel}","templated":true}]}}